{"id":2,"date":"2016-04-25T17:01:39","date_gmt":"2016-04-25T16:01:39","guid":{"rendered":"http:\/\/www.hugonavigator.com\/fr\/?page_id=2"},"modified":"2016-04-26T14:39:42","modified_gmt":"2016-04-26T18:39:42","slug":"navigator","status":"publish","type":"page","link":"http:\/\/www.hugonavigator.com\/fr\/","title":{"rendered":"Navigator"},"content":{"rendered":"<h1>Combin\u00e9 fauteuil de transport et ambulateur \u00e0 pliage lat\u00e9ral<\/h1>\n<p><strong>Un combin\u00e9 2 en 1 l\u00e9ger : fauteuil de transport et ambulateur \u00e0 pliage lat\u00e9ral !<\/strong><\/p>\n<p>Le fauteuil de transport \/ ambulateur \u00e0 pliage lat\u00e9ral Hugo\u00ae Navigator\u2122 a \u00e9t\u00e9 enti\u00e8rement repens\u00e9 afin de vous permettre de rester ind\u00e9pendant en vous fournissant un appareil de mobilit\u00e9 ayant un design l\u00e9ger et une stabilit\u00e9 in\u00e9gal\u00e9e et qui vous donne la confiance n\u00e9cessaire pour aller l\u00e0 o\u00f9 vous voulez. Et si jamais vous trouvez que vous vous \u00eates aventur\u00e9 trop loin, l\u2019Hugo\u00ae Navigator\u2122 se convertit facilement en fauteuil de transport de telle sorte qu\u2019un \u00eatre cher peut vous aider \u00e0 revenir \u00e0 la maison en confort et en style.<\/p>\n<ul>\n<li>Se replie facilement sur le c\u00f4t\u00e9 par une simple traction de la sangle !<\/li>\n<li>Fauteuil de transport et ambulateur \u00e0 pliage lat\u00e9ral l\u00e9ger combin\u00e9 en un seul design<\/li>\n<li>Le repose-pieds \u00ab Swing n&rsquo; Lock \u00bb (brevet en instance) se verrouille au ch\u00e2ssis une fois pli\u00e9  <\/li>\n<li>Le cadre se verrouille une fois pli\u00e9 pour plus de s\u00e9curit\u00e9 pendant le transport ou l&rsquo;entreposage  <\/li>\n<li>Si\u00e8ge rembourr\u00e9 et un dossier complet pour un confort sup\u00e9rieur  <\/li>\n<li>Deux accoudoirs permettent de reposer ses bras en mode assis ou transport  <\/li>\n<li>Roulements \u00e0 billes lisses et un centre de gravit\u00e9 am\u00e9lior\u00e9 permettent de pousser le fauteuil facilement  <\/li>\n<li>Poign\u00e9es ergonomiques Hugo au design unique s&rsquo;int\u00e8grent naturellement pour faciliter l&rsquo;acc\u00e8s aux freins  <\/li>\n<li>Muni de notre bouton de r\u00e9glage de frein convivial &#8211; permet un ajustement sans outils<\/li>\n<li>Ch\u00e2ssis l\u00e9ger. 7,75 kg net (17,1 livres) con\u00e7u pour une stabilit\u00e9 sup\u00e9rieure<\/li>\n<li>Le panier souple couvert peut \u00eatre retir\u00e9 et est lavable \u00e0 la machine<\/li>\n<li>Roues de 20 cm (8 po)  id\u00e9ales pour une utilisation tant \u00e0 l&rsquo;int\u00e9rieur qu&rsquo;\u00e0 l&rsquo;ext\u00e9rieur  <\/li>\n<li>Poids net (sans accessoires) :  7,75 kg (17,1 livres)<\/li>\n<li>Capacit\u00e9 de poids de 136 kg (300 livres) dans les deux modes : ambulateur ou fauteuil de transport<\/li>\n<\/ul>\n<p>Brevets : 2013219186, 2587989, 2807969, 101073530 B, 201310143711.X, 1990038, 2705818, 7828305, 8573610.<\/p>\n<p>Num\u00e9ro d&rsquo;article : 793-943<\/p>\n<div id='gallery-1' class='gallery galleryid-2 gallery-columns-4 gallery-size-thumbnail'><figure class='gallery-item'>\n\t\t\t<div class='gallery-icon landscape'>\n\t\t\t\t<a href='http:\/\/www.hugonavigator.com\/fr\/wp-content\/uploads\/2016\/04\/793-943_Rollator.jpg'><img loading=\"lazy\" decoding=\"async\" width=\"150\" height=\"150\" src=\"http:\/\/www.hugonavigator.com\/fr\/wp-content\/uploads\/2016\/04\/793-943_Rollator-150x150.jpg\" class=\"attachment-thumbnail size-thumbnail\" alt=\"Mode ambulateur (marchette \u00e0 4 roues)\" aria-describedby=\"gallery-1-12\" srcset=\"http:\/\/www.hugonavigator.com\/fr\/wp-content\/uploads\/2016\/04\/793-943_Rollator-150x150.jpg 150w, http:\/\/www.hugonavigator.com\/fr\/wp-content\/uploads\/2016\/04\/793-943_Rollator-300x300.jpg 300w, http:\/\/www.hugonavigator.com\/fr\/wp-content\/uploads\/2016\/04\/793-943_Rollator-768x768.jpg 768w, http:\/\/www.hugonavigator.com\/fr\/wp-content\/uploads\/2016\/04\/793-943_Rollator.jpg 1000w\" sizes=\"(max-width: 150px) 100vw, 150px\" \/><\/a>\n\t\t\t<\/div>\n\t\t\t\t<figcaption class='wp-caption-text gallery-caption' id='gallery-1-12'>\n\t\t\t\tMode ambulateur (marchette \u00e0 4 roues)\n\t\t\t\t<\/figcaption><\/figure><figure class='gallery-item'>\n\t\t\t<div class='gallery-icon landscape'>\n\t\t\t\t<a href='http:\/\/www.hugonavigator.com\/fr\/wp-content\/uploads\/2016\/04\/793-943_TC.jpg'><img loading=\"lazy\" decoding=\"async\" width=\"150\" height=\"150\" src=\"http:\/\/www.hugonavigator.com\/fr\/wp-content\/uploads\/2016\/04\/793-943_TC-150x150.jpg\" class=\"attachment-thumbnail size-thumbnail\" alt=\"Mode fauteuil de transport\" aria-describedby=\"gallery-1-11\" srcset=\"http:\/\/www.hugonavigator.com\/fr\/wp-content\/uploads\/2016\/04\/793-943_TC-150x150.jpg 150w, http:\/\/www.hugonavigator.com\/fr\/wp-content\/uploads\/2016\/04\/793-943_TC-300x300.jpg 300w, http:\/\/www.hugonavigator.com\/fr\/wp-content\/uploads\/2016\/04\/793-943_TC-768x768.jpg 768w, http:\/\/www.hugonavigator.com\/fr\/wp-content\/uploads\/2016\/04\/793-943_TC.jpg 1000w\" sizes=\"(max-width: 150px) 100vw, 150px\" \/><\/a>\n\t\t\t<\/div>\n\t\t\t\t<figcaption class='wp-caption-text gallery-caption' id='gallery-1-11'>\n\t\t\t\tMode fauteuil de transport\n\t\t\t\t<\/figcaption><\/figure><figure class='gallery-item'>\n\t\t\t<div class='gallery-icon landscape'>\n\t\t\t\t<a href='http:\/\/www.hugonavigator.com\/fr\/wp-content\/uploads\/2016\/04\/793-943_Main_Fr.jpg'><img loading=\"lazy\" decoding=\"async\" width=\"150\" height=\"150\" src=\"http:\/\/www.hugonavigator.com\/fr\/wp-content\/uploads\/2016\/04\/793-943_Main_Fr-150x150.jpg\" class=\"attachment-thumbnail size-thumbnail\" alt=\"Ambulateur \/ Fauteuil de transport\" aria-describedby=\"gallery-1-13\" srcset=\"http:\/\/www.hugonavigator.com\/fr\/wp-content\/uploads\/2016\/04\/793-943_Main_Fr-150x150.jpg 150w, http:\/\/www.hugonavigator.com\/fr\/wp-content\/uploads\/2016\/04\/793-943_Main_Fr-300x300.jpg 300w, http:\/\/www.hugonavigator.com\/fr\/wp-content\/uploads\/2016\/04\/793-943_Main_Fr-768x768.jpg 768w, http:\/\/www.hugonavigator.com\/fr\/wp-content\/uploads\/2016\/04\/793-943_Main_Fr.jpg 1000w\" sizes=\"(max-width: 150px) 100vw, 150px\" \/><\/a>\n\t\t\t<\/div>\n\t\t\t\t<figcaption class='wp-caption-text gallery-caption' id='gallery-1-13'>\n\t\t\t\tAmbulateur \/ Fauteuil de transport\n\t\t\t\t<\/figcaption><\/figure><figure class='gallery-item'>\n\t\t\t<div class='gallery-icon landscape'>\n\t\t\t\t<a href='http:\/\/www.hugonavigator.com\/fr\/wp-content\/uploads\/2016\/04\/793-943_lifestyle.jpg'><img loading=\"lazy\" decoding=\"async\" width=\"150\" height=\"150\" src=\"http:\/\/www.hugonavigator.com\/fr\/wp-content\/uploads\/2016\/04\/793-943_lifestyle-150x150.jpg\" class=\"attachment-thumbnail size-thumbnail\" alt=\"Utilis\u00e9 en tant de Marchette \u00e0 4 roues (ambulateur) et en tant que fauteuil de transport\" aria-describedby=\"gallery-1-10\" srcset=\"http:\/\/www.hugonavigator.com\/fr\/wp-content\/uploads\/2016\/04\/793-943_lifestyle-150x150.jpg 150w, http:\/\/www.hugonavigator.com\/fr\/wp-content\/uploads\/2016\/04\/793-943_lifestyle-300x300.jpg 300w, http:\/\/www.hugonavigator.com\/fr\/wp-content\/uploads\/2016\/04\/793-943_lifestyle-768x768.jpg 768w, http:\/\/www.hugonavigator.com\/fr\/wp-content\/uploads\/2016\/04\/793-943_lifestyle-1024x1024.jpg 1024w, http:\/\/www.hugonavigator.com\/fr\/wp-content\/uploads\/2016\/04\/793-943_lifestyle.jpg 1200w\" sizes=\"(max-width: 150px) 100vw, 150px\" \/><\/a>\n\t\t\t<\/div>\n\t\t\t\t<figcaption class='wp-caption-text gallery-caption' id='gallery-1-10'>\n\t\t\t\tUtilis\u00e9 en tant de Marchette \u00e0 4 roues (ambulateur) et en tant que fauteuil de transport\n\t\t\t\t<\/figcaption><\/figure>\n\t\t<\/div>\n\n","protected":false},"excerpt":{"rendered":"<p>Combin\u00e9 fauteuil de transport et ambulateur \u00e0 pliage lat\u00e9ral Un combin\u00e9 2 en 1 l\u00e9ger : fauteuil de transport et ambulateur \u00e0 pliage lat\u00e9ral ! Le fauteuil de transport \/ ambulateur \u00e0 pliage lat\u00e9ral Hugo\u00ae Navigator\u2122 a \u00e9t\u00e9 enti\u00e8rement repens\u00e9 afin de vous permettre de rester ind\u00e9pendant en vous fournissant un appareil de mobilit\u00e9 ayant&hellip;<\/p>\n<p class=\"more-link-wrapper\"><a class=\"more-link\" href=\"http:\/\/www.hugonavigator.com\/fr\/\">Continue<\/a><\/p>\n","protected":false},"author":1,"featured_media":0,"parent":0,"menu_order":0,"comment_status":"closed","ping_status":"open","template":"","meta":{"footnotes":""},"class_list":["post-2","page","type-page","status-publish","hentry"],"_links":{"self":[{"href":"http:\/\/www.hugonavigator.com\/fr\/wp-json\/wp\/v2\/pages\/2"}],"collection":[{"href":"http:\/\/www.hugonavigator.com\/fr\/wp-json\/wp\/v2\/pages"}],"about":[{"href":"http:\/\/www.hugonavigator.com\/fr\/wp-json\/wp\/v2\/types\/page"}],"author":[{"embeddable":true,"href":"http:\/\/www.hugonavigator.com\/fr\/wp-json\/wp\/v2\/users\/1"}],"replies":[{"embeddable":true,"href":"http:\/\/www.hugonavigator.com\/fr\/wp-json\/wp\/v2\/comments?post=2"}],"version-history":[{"count":5,"href":"http:\/\/www.hugonavigator.com\/fr\/wp-json\/wp\/v2\/pages\/2\/revisions"}],"predecessor-version":[{"id":14,"href":"http:\/\/www.hugonavigator.com\/fr\/wp-json\/wp\/v2\/pages\/2\/revisions\/14"}],"wp:attachment":[{"href":"http:\/\/www.hugonavigator.com\/fr\/wp-json\/wp\/v2\/media?parent=2"}],"curies":[{"name":"wp","href":"https:\/\/api.w.org\/{rel}","templated":true}]}}